{"id":2481,"date":"2018-01-11T14:44:06","date_gmt":"2018-01-11T13:44:06","guid":{"rendered":"http:\/\/annapikura.pro-page.pl\/transport\/"},"modified":"2018-02-13T15:24:32","modified_gmt":"2018-02-13T14:24:32","slug":"transport","status":"publish","type":"page","link":"https:\/\/annapikura.com\/en\/transport\/","title":{"rendered":"Transport"},"content":{"rendered":"<h4>W okresie upa\u0142\u00f3w przesy\u0142ki pakowane s\u0105 w specjalne opakowania termiczne wyposa\u017cone we wk\u0142ady lodowe &#8211; daje to gwarancj\u0119 dostarczenia Pa\u0144stwu w pe\u0142ni warto\u015bciowego produktu.<\/h4>\n<h2>Przesy\u0142ki krajowe<\/h2>\n<p>Poczta Polska, przedp\u0142ata &#8211; 25 z\u0142<br \/>\nPoczta Polska, pobranie &#8211; 25 z\u0142<\/p>\n<p>Kurier UPS, przedp\u0142ata &#8211; 26 z\u0142<br \/>\nKurier UPS, pobranie &#8211; 30 z\u0142<\/p>\n<h2>Przesy\u0142ki zagraniczne- waga do 3 kg<\/h2>\n<div class=\"table-transport\">\n<div class=\"row\">\n<div class=\"col-sm-4\"><strong>Waga<\/strong><\/div>\n<div class=\"col-sm-4\"><strong>Strefa A<\/strong><\/div>\n<div class=\"col-sm-4\"><strong>Strefa B<\/strong><\/div>\n<div class=\"col-sm-4\"><strong>Sterfa C<\/strong><\/div>\n<div class=\"col-sm-4\"><strong>Strefa D<\/strong><\/div>\n<div class=\"col-sm-4\"><strong>Strefa E<\/strong><\/div>\n<\/div>\n<div class=\"row\">\n<div class=\"col-sm-4\"><strong>Do 3kg<\/strong><\/div>\n<div class=\"col-sm-4\">185 z\u0142<\/div>\n<div class=\"col-sm-4\">206 z\u0142<\/div>\n<div class=\"col-sm-4\">248 z\u0142<\/div>\n<div class=\"col-sm-4\">338 z\u0142<\/div>\n<div class=\"col-sm-4\">400 z\u0142<\/div>\n<\/div>\n<div class=\"row\">\n<div class=\"col-sm-4\"><strong>Do 5 kg<\/strong><\/div>\n<div class=\"col-sm-4\">208 z\u0142<\/div>\n<div class=\"col-sm-4\">252 z\u0142<\/div>\n<div class=\"col-sm-4\">308 z\u0142<\/div>\n<div class=\"col-sm-4\">448 z\u0142<\/div>\n<div class=\"col-sm-4\">460 z\u0142<\/div>\n<\/div>\n<\/div>\n<p>&nbsp;<\/p>\n<p><h4>STREFA <strong>A<\/strong>:<\/h4>\n<p> Albania, Andora, Austria, Azory, Belgia, Bia\u0142oru\u015b, Bu\u0142garia, Chorwacja, Cypr, Czechy, Dania, Estonia, Finlandia, Francja, Gibraltar, Gozo (wyspa), Grecja, Guernesey (wyspa), Hiszpania, Holandia, Irlandia, Islandia, Izrael, Jersey, Liechtenstein, Litwa, Luksemburg, \u0141otwa, Macedonia, Madera, Malta, Man (wyspa), Mo\u0142dowa, Monako, Niemcy, Norwegia, Owcze Wyspy, Portugalia, Rosja, Rumunia, San Marino, S\u0142owacja, S\u0142owenia, Szwajcaria, Szwecja, Turcja, Ukraina, Watykan, W\u0119gry, Wielka Brytania i Irlandia P\u00f3\u0142nocna, W\u0142ochy, Wyspy Kanaryjskie.<\/p>\n<p><h4>STREFA <strong>B<\/strong>:<\/h4>\n<p> Algeria, Benin, Bermudy, Burkina Faso, Czad, Dziewicze Wyspy Stan\u00f3w Zjednoczonych (Vierges-USA), D\u017cibuti, Egipt, Etiopia, Gambia, Ghana, Grenlandia, Guam (wyspa), Gwinea (Republika), Gwinea &#8211; Bissau, Kanada, Kenia, Kongo (Republika), Kongo (Republika Demokratyczna d. Zair), Liberia, Malawi, Mali, Mariany (wyspy)<br \/>\nMaroko, Marshalla (wyspy), Mauritius, Mayota (wyspa), Meksyk, Niger, Nigeria, Portoryko, Republika Po\u0142udniowej Afryki, Samoa Ameryka\u0144skie, Senegal, Seszele, Sierra Leone, Stany Zjednoczone Ameryki P\u00f3\u0142nocnej, Suazi (Swaziland), \u015arodkowoafryka\u0144ska Republika, \u015awi\u0119ty Piotr i Miquelon, Tanzania, Togo, Tunezja, Uganda, Wake, Wybrze\u017ce Ko\u015bci S\u0142oniowej, Zambia, Zielonego Przyl\u0105dka Republika (Cap Vert), Zimbabwe.\n<\/p>\n<p><h4>STREFA <strong>C<\/strong>:<\/h4>\n<p>Anguilla, Antyle Holenderskie, Arabia Saudyjska, Argentyna, Armenia, Aruba, Azerbejd\u017can, Bahamy, Bahrajn, Bangladesz, Barbados, Bhutan, Boliwia, Brazylia, Brunei -Darussalam, Chile, Chiny, Ekwador, Filipiny, Gruzja,Gujana, Gujana Francuska, Gwadelupa, Hongkong, Indie, Indonezja, Irak, Iran, Japonia, Jordania, Kajmany, Katar, Kazachstan, Kirgistan, Kolumbia, Korea (Republika), Kuba, Kuwejt, Makau, Malediwy, Malezja, Martynika, Oman, Pakistan, Panama, Peru, Singapur, Sri Lanka, Syria, \u015awi\u0119ta \u0141ucja, Tad\u017cykistan, Tajlandia, Tajwan, Trynidad i Tobago, Turkmenistan, Urugwaj, Wietnam, Zjednoczone Emiraty Arabskie.\n<\/p>\n<p><h4>STREFA <strong>D<\/strong>:<\/h4>\n<p>Australia, Nowa Zelandia, Salomona Wyspy, Vanuatu.\n<\/p>\n<p><h4>STREFA <strong>E<\/strong>:<\/h4>\n<p>Botswana, Dominikana, Fid\u017ci, Gabon, Grenada, Gwatemala, Gwinea R\u00f3wnikowa, Honduras, Jamajka, Kamerun, Kostaryka, Lesotho, Madagaskar, Mauretania, Mozambik, Namibia, Nikaragua, Nowa, Kaledonia, Papua Nowa Gwinea, Paragwaj, Reunion, Salwador, Sudan, Surinam, Wenezuela.<\/p>\n<!-- AddThis Advanced Settings generic via filter on the_content --><!-- AddThis Share Buttons generic via filter on the_content -->","protected":false},"excerpt":{"rendered":"<p>W okresie upa\u0142\u00f3w przesy\u0142ki pakowane s\u0105 w specjalne opakowania termiczne wyposa\u017cone we wk\u0142ady lodowe &#8211; daje to gwarancj\u0119 dostarczenia Pa\u0144stwu w pe\u0142ni warto\u015bciowego produktu. Przesy\u0142ki krajowe Poczta Polska, przedp\u0142ata &#8211; 25 z\u0142 Poczta Polska, pobranie &#8211; 25 z\u0142 Kurier UPS, przedp\u0142ata &#8211; 26 z\u0142 Kurier UPS, pobranie &#8211; 30 z\u0142 Przesy\u0142ki zagraniczne- waga do 3&#8230; <a href=\"https:\/\/annapikura.com\/en\/transport\/\" class=\"btn-excerpt more-link\" title=\"Transport\">Read more<span class=\"meta-nav\">&rarr;<\/span><\/a><!-- AddThis Advanced Settings generic via filter on get_the_excerpt --><!-- AddThis Share Buttons generic via filter on get_the_excerpt --><\/p>\n","protected":false},"author":1,"featured_media":0,"parent":0,"menu_order":0,"comment_status":"closed","ping_status":"closed","template":"","meta":{"footnotes":""},"acf":[],"yoast_head":"<!-- This site is optimized with the Yoast SEO plugin v21.4 - https:\/\/yoast.com\/wordpress\/plugins\/seo\/ -->\n<title>Transport - Anna Pikura<\/title>\n<meta name=\"robots\" content=\"index, follow, max-snippet:-1, max-image-preview:large, max-video-preview:-1\" \/>\n<link rel=\"canonical\" href=\"https:\/\/annapikura.com\/en\/transport\/\" \/>\n<meta property=\"og:locale\" content=\"en_US\" \/>\n<meta property=\"og:type\" content=\"article\" \/>\n<meta property=\"og:title\" content=\"Transport - Anna Pikura\" \/>\n<meta property=\"og:description\" content=\"W okresie upa\u0142\u00f3w przesy\u0142ki pakowane s\u0105 w specjalne opakowania termiczne wyposa\u017cone we wk\u0142ady lodowe &#8211; daje to gwarancj\u0119 dostarczenia Pa\u0144stwu w pe\u0142ni warto\u015bciowego produktu. Przesy\u0142ki krajowe Poczta Polska, przedp\u0142ata &#8211; 25 z\u0142 Poczta Polska, pobranie &#8211; 25 z\u0142 Kurier UPS, przedp\u0142ata &#8211; 26 z\u0142 Kurier UPS, pobranie &#8211; 30 z\u0142 Przesy\u0142ki zagraniczne- waga do 3... Read more&rarr;\" \/>\n<meta property=\"og:url\" content=\"https:\/\/annapikura.com\/en\/transport\/\" \/>\n<meta property=\"og:site_name\" content=\"Anna Pikura\" \/>\n<meta property=\"article:modified_time\" content=\"2018-02-13T14:24:32+00:00\" \/>\n<meta name=\"twitter:card\" content=\"summary_large_image\" \/>\n<meta name=\"twitter:label1\" content=\"Est. reading time\" \/>\n\t<meta name=\"twitter:data1\" content=\"2 minutes\" \/>\n<script type=\"application\/ld+json\" class=\"yoast-schema-graph\">{\"@context\":\"https:\/\/schema.org\",\"@graph\":[{\"@type\":\"WebPage\",\"@id\":\"https:\/\/annapikura.com\/en\/transport\/\",\"url\":\"https:\/\/annapikura.com\/en\/transport\/\",\"name\":\"Transport - Anna Pikura\",\"isPartOf\":{\"@id\":\"https:\/\/annapikura.com\/#website\"},\"datePublished\":\"2018-01-11T13:44:06+00:00\",\"dateModified\":\"2018-02-13T14:24:32+00:00\",\"breadcrumb\":{\"@id\":\"https:\/\/annapikura.com\/en\/transport\/#breadcrumb\"},\"inLanguage\":\"en-US\",\"potentialAction\":[{\"@type\":\"ReadAction\",\"target\":[\"https:\/\/annapikura.com\/en\/transport\/\"]}]},{\"@type\":\"BreadcrumbList\",\"@id\":\"https:\/\/annapikura.com\/en\/transport\/#breadcrumb\",\"itemListElement\":[{\"@type\":\"ListItem\",\"position\":1,\"name\":\"Home\",\"item\":\"https:\/\/annapikura.com\/en\/home\/\"},{\"@type\":\"ListItem\",\"position\":2,\"name\":\"Transport\"}]},{\"@type\":\"WebSite\",\"@id\":\"https:\/\/annapikura.com\/#website\",\"url\":\"https:\/\/annapikura.com\/\",\"name\":\"Anna Pikura\",\"description\":\"\",\"potentialAction\":[{\"@type\":\"SearchAction\",\"target\":{\"@type\":\"EntryPoint\",\"urlTemplate\":\"https:\/\/annapikura.com\/?s={search_term_string}\"},\"query-input\":\"required name=search_term_string\"}],\"inLanguage\":\"en-US\"}]}<\/script>\n<!-- \/ Yoast SEO plugin. -->","yoast_head_json":{"title":"Transport - Anna Pikura","robots":{"index":"index","follow":"follow","max-snippet":"max-snippet:-1","max-image-preview":"max-image-preview:large","max-video-preview":"max-video-preview:-1"},"canonical":"https:\/\/annapikura.com\/en\/transport\/","og_locale":"en_US","og_type":"article","og_title":"Transport - Anna Pikura","og_description":"W okresie upa\u0142\u00f3w przesy\u0142ki pakowane s\u0105 w specjalne opakowania termiczne wyposa\u017cone we wk\u0142ady lodowe &#8211; daje to gwarancj\u0119 dostarczenia Pa\u0144stwu w pe\u0142ni warto\u015bciowego produktu. Przesy\u0142ki krajowe Poczta Polska, przedp\u0142ata &#8211; 25 z\u0142 Poczta Polska, pobranie &#8211; 25 z\u0142 Kurier UPS, przedp\u0142ata &#8211; 26 z\u0142 Kurier UPS, pobranie &#8211; 30 z\u0142 Przesy\u0142ki zagraniczne- waga do 3... Read more&rarr;","og_url":"https:\/\/annapikura.com\/en\/transport\/","og_site_name":"Anna Pikura","article_modified_time":"2018-02-13T14:24:32+00:00","twitter_card":"summary_large_image","twitter_misc":{"Est. reading time":"2 minutes"},"schema":{"@context":"https:\/\/schema.org","@graph":[{"@type":"WebPage","@id":"https:\/\/annapikura.com\/en\/transport\/","url":"https:\/\/annapikura.com\/en\/transport\/","name":"Transport - Anna Pikura","isPartOf":{"@id":"https:\/\/annapikura.com\/#website"},"datePublished":"2018-01-11T13:44:06+00:00","dateModified":"2018-02-13T14:24:32+00:00","breadcrumb":{"@id":"https:\/\/annapikura.com\/en\/transport\/#breadcrumb"},"inLanguage":"en-US","potentialAction":[{"@type":"ReadAction","target":["https:\/\/annapikura.com\/en\/transport\/"]}]},{"@type":"BreadcrumbList","@id":"https:\/\/annapikura.com\/en\/transport\/#breadcrumb","itemListElement":[{"@type":"ListItem","position":1,"name":"Home","item":"https:\/\/annapikura.com\/en\/home\/"},{"@type":"ListItem","position":2,"name":"Transport"}]},{"@type":"WebSite","@id":"https:\/\/annapikura.com\/#website","url":"https:\/\/annapikura.com\/","name":"Anna Pikura","description":"","potentialAction":[{"@type":"SearchAction","target":{"@type":"EntryPoint","urlTemplate":"https:\/\/annapikura.com\/?s={search_term_string}"},"query-input":"required name=search_term_string"}],"inLanguage":"en-US"}]}},"_links":{"self":[{"href":"https:\/\/annapikura.com\/en\/wp-json\/wp\/v2\/pages\/2481"}],"collection":[{"href":"https:\/\/annapikura.com\/en\/wp-json\/wp\/v2\/pages"}],"about":[{"href":"https:\/\/annapikura.com\/en\/wp-json\/wp\/v2\/types\/page"}],"author":[{"embeddable":true,"href":"https:\/\/annapikura.com\/en\/wp-json\/wp\/v2\/users\/1"}],"replies":[{"embeddable":true,"href":"https:\/\/annapikura.com\/en\/wp-json\/wp\/v2\/comments?post=2481"}],"version-history":[{"count":0,"href":"https:\/\/annapikura.com\/en\/wp-json\/wp\/v2\/pages\/2481\/revisions"}],"wp:attachment":[{"href":"https:\/\/annapikura.com\/en\/wp-json\/wp\/v2\/media?parent=2481"}],"curies":[{"name":"wp","href":"https:\/\/api.w.org\/{rel}","templated":true}]}}