{"id":3130,"date":"2018-01-10T09:33:16","date_gmt":"2018-01-10T08:33:16","guid":{"rendered":"http:\/\/annapikura.pro-page.pl\/clinic-anna-pikura\/cosmetology\/strefa-dla-panow\/"},"modified":"2018-03-13T12:25:17","modified_gmt":"2018-03-13T11:25:17","slug":"strefa-dla-panow","status":"publish","type":"page","link":"https:\/\/annapikura.com\/en\/clinic-anna-pikura\/cosmetology\/strefa-dla-panow\/","title":{"rendered":"For Men"},"content":{"rendered":"<h3><span class=\"zabiegiwyp\">Manicure dla m\u0119\u017cczyzn<\/span><\/h3>\n<p><b>Cena: 50 z\u0142.<\/b><\/p>\n<h3><span class=\"zabiegiwyp\">Pedicure dla m\u0119\u017cczyzn<\/span><\/h3>\n<p><b>Cena: 80 z\u0142.<\/b><\/p>\n<h3><span class=\"zabiegiwyp\">Naturalne ukojenie<\/span><\/h3>\n<p>Po\u0142\u0105czenie peelingu kawitacyjnego i masa\u017cu twarzy. Zabieg wykorzystuje sonoforez\u0119 dla lepszej absorpcji kolagenu biologicznie aktywnego. Oczyszcza, od\u015bwie\u017ca, wyg\u0142adza i rewitalizuje sk\u00f3r\u0119.<\/p>\n<p><b>Cena: 200 z\u0142.<\/b><\/p>\n<h3><span class=\"zabiegiwyp\">Zabieg oczyszczaj\u0105cy na twarz<\/span><\/h3>\n<p>Manualne oczyszczenie twarzy po\u0142\u0105czone z na\u0142o\u017ceniem indywidualnie dobranej maski z alg.<\/p>\n<p><b>Cena: 150 z\u0142.<\/b><\/p>\n<h3><span class=\"zabiegiwyp\">Depilacja woskiem<\/span><\/h3>\n<p>Depilacja niechcianego ow\u0142osienia z wybranych cz\u0119\u015bci cia\u0142a za pomoc\u0105 ciep\u0142ego wosku.<\/p>\n<p><b>Cena:<\/b><\/p>\n<ul>\n<li><b>nogi \u2013 120 z\u0142;<\/b><\/li>\n<li><b>plecy i ramiona \u2013 90 z\u0142;<\/b><\/li>\n<li><b>r\u0119ce \u2013 60 z\u0142;<\/b><\/li>\n<li><b>tors \u2013 60 z\u0142;<\/b><\/li>\n<li><b>brzuch \u2013 60 z\u0142;<\/b><\/li>\n<li><b>tors i brzuch \u2013 100 z\u0142;<\/b><\/li>\n<li><b>kark \u2013 50 z\u0142.<\/b><\/li>\n<\/ul>\n<!-- AddThis Advanced Settings generic via filter on the_content --><!-- AddThis Share Buttons generic via filter on the_content -->","protected":false},"excerpt":{"rendered":"<p>Manicure dla m\u0119\u017cczyzn Cena: 50 z\u0142. Pedicure dla m\u0119\u017cczyzn Cena: 80 z\u0142. Naturalne ukojenie Po\u0142\u0105czenie peelingu kawitacyjnego i masa\u017cu twarzy. Zabieg wykorzystuje sonoforez\u0119 dla lepszej absorpcji kolagenu biologicznie aktywnego. Oczyszcza, od\u015bwie\u017ca, wyg\u0142adza i rewitalizuje sk\u00f3r\u0119. Cena: 200 z\u0142. Zabieg oczyszczaj\u0105cy na twarz Manualne oczyszczenie twarzy po\u0142\u0105czone z na\u0142o\u017ceniem indywidualnie dobranej maski z alg. Cena: 150&#8230; <a href=\"https:\/\/annapikura.com\/en\/clinic-anna-pikura\/cosmetology\/strefa-dla-panow\/\" class=\"btn-excerpt more-link\" title=\"For Men\">Read more<span class=\"meta-nav\">&rarr;<\/span><\/a><!-- AddThis Advanced Settings generic via filter on get_the_excerpt --><!-- AddThis Share Buttons generic via filter on get_the_excerpt --><\/p>\n","protected":false},"author":1,"featured_media":2911,"parent":2980,"menu_order":8,"comment_status":"closed","ping_status":"closed","template":"templates\/page-onepage.php","meta":{"footnotes":""},"acf":[],"yoast_head":"<!-- This site is optimized with the Yoast SEO plugin v21.4 - https:\/\/yoast.com\/wordpress\/plugins\/seo\/ -->\n<title>For Men - Anna Pikura<\/title>\n<meta name=\"robots\" content=\"index, follow, max-snippet:-1, max-image-preview:large, max-video-preview:-1\" \/>\n<link rel=\"canonical\" href=\"https:\/\/annapikura.com\/en\/clinic-anna-pikura\/cosmetology\/strefa-dla-panow\/\" \/>\n<meta property=\"og:locale\" content=\"en_US\" \/>\n<meta property=\"og:type\" content=\"article\" \/>\n<meta property=\"og:title\" content=\"For Men - Anna Pikura\" \/>\n<meta property=\"og:description\" content=\"Manicure dla m\u0119\u017cczyzn Cena: 50 z\u0142. Pedicure dla m\u0119\u017cczyzn Cena: 80 z\u0142. Naturalne ukojenie Po\u0142\u0105czenie peelingu kawitacyjnego i masa\u017cu twarzy. Zabieg wykorzystuje sonoforez\u0119 dla lepszej absorpcji kolagenu biologicznie aktywnego. Oczyszcza, od\u015bwie\u017ca, wyg\u0142adza i rewitalizuje sk\u00f3r\u0119. Cena: 200 z\u0142. Zabieg oczyszczaj\u0105cy na twarz Manualne oczyszczenie twarzy po\u0142\u0105czone z na\u0142o\u017ceniem indywidualnie dobranej maski z alg. Cena: 150... Read more&rarr;\" \/>\n<meta property=\"og:url\" content=\"https:\/\/annapikura.com\/en\/clinic-anna-pikura\/cosmetology\/strefa-dla-panow\/\" \/>\n<meta property=\"og:site_name\" content=\"Anna Pikura\" \/>\n<meta property=\"article:modified_time\" content=\"2018-03-13T11:25:17+00:00\" \/>\n<meta property=\"og:image\" content=\"https:\/\/annapikura.com\/wp-content\/uploads\/strefadlapanow.jpg\" \/>\n\t<meta property=\"og:image:width\" content=\"190\" \/>\n\t<meta property=\"og:image:height\" content=\"111\" \/>\n\t<meta property=\"og:image:type\" content=\"image\/jpeg\" \/>\n<meta name=\"twitter:card\" content=\"summary_large_image\" \/>\n<meta name=\"twitter:label1\" content=\"Est. reading time\" \/>\n\t<meta name=\"twitter:data1\" content=\"1 minute\" \/>\n<script type=\"application\/ld+json\" class=\"yoast-schema-graph\">{\"@context\":\"https:\/\/schema.org\",\"@graph\":[{\"@type\":\"WebPage\",\"@id\":\"https:\/\/annapikura.com\/en\/clinic-anna-pikura\/cosmetology\/strefa-dla-panow\/\",\"url\":\"https:\/\/annapikura.com\/en\/clinic-anna-pikura\/cosmetology\/strefa-dla-panow\/\",\"name\":\"For Men - Anna Pikura\",\"isPartOf\":{\"@id\":\"https:\/\/annapikura.com\/#website\"},\"datePublished\":\"2018-01-10T08:33:16+00:00\",\"dateModified\":\"2018-03-13T11:25:17+00:00\",\"breadcrumb\":{\"@id\":\"https:\/\/annapikura.com\/en\/clinic-anna-pikura\/cosmetology\/strefa-dla-panow\/#breadcrumb\"},\"inLanguage\":\"en-US\",\"potentialAction\":[{\"@type\":\"ReadAction\",\"target\":[\"https:\/\/annapikura.com\/en\/clinic-anna-pikura\/cosmetology\/strefa-dla-panow\/\"]}]},{\"@type\":\"BreadcrumbList\",\"@id\":\"https:\/\/annapikura.com\/en\/clinic-anna-pikura\/cosmetology\/strefa-dla-panow\/#breadcrumb\",\"itemListElement\":[{\"@type\":\"ListItem\",\"position\":1,\"name\":\"Home\",\"item\":\"https:\/\/annapikura.com\/en\/home\/\"},{\"@type\":\"ListItem\",\"position\":2,\"name\":\"Clinic\",\"item\":\"https:\/\/annapikura.com\/en\/clinic-anna-pikura\/\"},{\"@type\":\"ListItem\",\"position\":3,\"name\":\"Cosmetology\",\"item\":\"https:\/\/annapikura.com\/en\/clinic-anna-pikura\/cosmetology\/\"},{\"@type\":\"ListItem\",\"position\":4,\"name\":\"For Men\"}]},{\"@type\":\"WebSite\",\"@id\":\"https:\/\/annapikura.com\/#website\",\"url\":\"https:\/\/annapikura.com\/\",\"name\":\"Anna Pikura\",\"description\":\"\",\"potentialAction\":[{\"@type\":\"SearchAction\",\"target\":{\"@type\":\"EntryPoint\",\"urlTemplate\":\"https:\/\/annapikura.com\/?s={search_term_string}\"},\"query-input\":\"required name=search_term_string\"}],\"inLanguage\":\"en-US\"}]}<\/script>\n<!-- \/ Yoast SEO plugin. -->","yoast_head_json":{"title":"For Men - Anna Pikura","robots":{"index":"index","follow":"follow","max-snippet":"max-snippet:-1","max-image-preview":"max-image-preview:large","max-video-preview":"max-video-preview:-1"},"canonical":"https:\/\/annapikura.com\/en\/clinic-anna-pikura\/cosmetology\/strefa-dla-panow\/","og_locale":"en_US","og_type":"article","og_title":"For Men - Anna Pikura","og_description":"Manicure dla m\u0119\u017cczyzn Cena: 50 z\u0142. Pedicure dla m\u0119\u017cczyzn Cena: 80 z\u0142. Naturalne ukojenie Po\u0142\u0105czenie peelingu kawitacyjnego i masa\u017cu twarzy. Zabieg wykorzystuje sonoforez\u0119 dla lepszej absorpcji kolagenu biologicznie aktywnego. Oczyszcza, od\u015bwie\u017ca, wyg\u0142adza i rewitalizuje sk\u00f3r\u0119. Cena: 200 z\u0142. Zabieg oczyszczaj\u0105cy na twarz Manualne oczyszczenie twarzy po\u0142\u0105czone z na\u0142o\u017ceniem indywidualnie dobranej maski z alg. Cena: 150... Read more&rarr;","og_url":"https:\/\/annapikura.com\/en\/clinic-anna-pikura\/cosmetology\/strefa-dla-panow\/","og_site_name":"Anna Pikura","article_modified_time":"2018-03-13T11:25:17+00:00","og_image":[{"width":190,"height":111,"url":"https:\/\/annapikura.com\/wp-content\/uploads\/strefadlapanow.jpg","type":"image\/jpeg"}],"twitter_card":"summary_large_image","twitter_misc":{"Est. reading time":"1 minute"},"schema":{"@context":"https:\/\/schema.org","@graph":[{"@type":"WebPage","@id":"https:\/\/annapikura.com\/en\/clinic-anna-pikura\/cosmetology\/strefa-dla-panow\/","url":"https:\/\/annapikura.com\/en\/clinic-anna-pikura\/cosmetology\/strefa-dla-panow\/","name":"For Men - Anna Pikura","isPartOf":{"@id":"https:\/\/annapikura.com\/#website"},"datePublished":"2018-01-10T08:33:16+00:00","dateModified":"2018-03-13T11:25:17+00:00","breadcrumb":{"@id":"https:\/\/annapikura.com\/en\/clinic-anna-pikura\/cosmetology\/strefa-dla-panow\/#breadcrumb"},"inLanguage":"en-US","potentialAction":[{"@type":"ReadAction","target":["https:\/\/annapikura.com\/en\/clinic-anna-pikura\/cosmetology\/strefa-dla-panow\/"]}]},{"@type":"BreadcrumbList","@id":"https:\/\/annapikura.com\/en\/clinic-anna-pikura\/cosmetology\/strefa-dla-panow\/#breadcrumb","itemListElement":[{"@type":"ListItem","position":1,"name":"Home","item":"https:\/\/annapikura.com\/en\/home\/"},{"@type":"ListItem","position":2,"name":"Clinic","item":"https:\/\/annapikura.com\/en\/clinic-anna-pikura\/"},{"@type":"ListItem","position":3,"name":"Cosmetology","item":"https:\/\/annapikura.com\/en\/clinic-anna-pikura\/cosmetology\/"},{"@type":"ListItem","position":4,"name":"For Men"}]},{"@type":"WebSite","@id":"https:\/\/annapikura.com\/#website","url":"https:\/\/annapikura.com\/","name":"Anna Pikura","description":"","potentialAction":[{"@type":"SearchAction","target":{"@type":"EntryPoint","urlTemplate":"https:\/\/annapikura.com\/?s={search_term_string}"},"query-input":"required name=search_term_string"}],"inLanguage":"en-US"}]}},"_links":{"self":[{"href":"https:\/\/annapikura.com\/en\/wp-json\/wp\/v2\/pages\/3130"}],"collection":[{"href":"https:\/\/annapikura.com\/en\/wp-json\/wp\/v2\/pages"}],"about":[{"href":"https:\/\/annapikura.com\/en\/wp-json\/wp\/v2\/types\/page"}],"author":[{"embeddable":true,"href":"https:\/\/annapikura.com\/en\/wp-json\/wp\/v2\/users\/1"}],"replies":[{"embeddable":true,"href":"https:\/\/annapikura.com\/en\/wp-json\/wp\/v2\/comments?post=3130"}],"version-history":[{"count":0,"href":"https:\/\/annapikura.com\/en\/wp-json\/wp\/v2\/pages\/3130\/revisions"}],"up":[{"embeddable":true,"href":"https:\/\/annapikura.com\/en\/wp-json\/wp\/v2\/pages\/2980"}],"wp:featuredmedia":[{"embeddable":true,"href":"https:\/\/annapikura.com\/en\/wp-json\/wp\/v2\/media\/2911"}],"wp:attachment":[{"href":"https:\/\/annapikura.com\/en\/wp-json\/wp\/v2\/media?parent=3130"}],"curies":[{"name":"wp","href":"https:\/\/api.w.org\/{rel}","templated":true}]}}