{"id":3144,"date":"2018-01-09T15:20:37","date_gmt":"2018-01-09T14:20:37","guid":{"rendered":"http:\/\/annapikura.pro-page.pl\/clinic-anna-pikura\/cosmetology\/zabiegi-firmowe-okolice-oczu\/"},"modified":"2022-03-01T21:43:39","modified_gmt":"2022-03-01T20:43:39","slug":"zabiegi-firmowe-okolice-oczu","status":"publish","type":"page","link":"https:\/\/annapikura.com\/en\/clinic-anna-pikura\/cosmetology\/zabiegi-firmowe-okolice-oczu\/","title":{"rendered":"Unique procedures for the eye area"},"content":{"rendered":"<h3>Deszcz Majowy<\/h3>\n<p>O\u017cywia zm\u0119czone oczy i roz\u015bwietla spojrzenie. Intensywny zabieg z kolagenem aktywnym biologicznie, witamin\u0105 C i kwasem mlekowym wyg\u0142adza zmarszczki mimiczne i rozja\u015bnia cienie wok\u00f3\u0142 oczu. Dzi\u0119ki naturalnym sk\u0142adnikom najwy\u017cszej jako\u015bci jest \u0142agodny dla sk\u00f3ry, a zarazem przynosi dog\u0142\u0119bny efekt. Kolagen AP BIOAKTIV, aplikowany podczas masa\u017cu relaksacyjnego, inicjuje intensywn\u0105 regeneracj\u0119 g\u0142\u0119bszych warstw sk\u00f3ry. Kwas mlekowy rozja\u015bnia nask\u00f3rek i intensywnie nawil\u017ca. Witamina C, wprowadzana w g\u0142\u0105b sk\u00f3ry za pomoc\u0105 sonoforezy, jest jedn\u0105 z najsilniejszych naturalnych substancji odm\u0142adzaj\u0105cych, a przy tym uszczelnia naczynia krwiono\u015bne i rozja\u015bnia przebarwienia.<br \/>\n<strong>Cena:<\/strong> 200 z\u0142<\/p>\n<h3>Naturalny Lifting<\/h3>\n<p>Naturalny spos\u00f3b na odm\u0142odzenie okolic oczu za pomoc\u0105 kolagenu aktywnego biologicznie i alg. Zabieg obejmuje wprowadzenie Kolagenu AP BIOAKTIV w g\u0142\u0105b sk\u00f3ry za pomoc\u0105 sonoforezy oraz aplikacj\u0119 intensywnie nawil\u017caj\u0105cych alg. Seria zabieg\u00f3w pozwala uzyska\u0107 trwa\u0142\u0105 popraw\u0119 wygl\u0105du sk\u00f3ry wok\u00f3\u0142 oczu, sp\u0142ycenie zmarszczek oraz g\u0142\u0119bokie nawil\u017cenie.<br \/>\n<strong>Cena:<\/strong> 200 z\u0142.<\/p>\n<h3>Collagen Skin Roller Eyes<\/h3>\n<p>Terapia mikroig\u0142owa na okolice oczu z kolagenem aktywnym biologicznie. Zabieg o zwi\u0119kszonej sile regeneracyjnej, uzyskanej dzi\u0119ki jednoczesnemu zastosowaniu kolagenu aktywnego biologicznie i skin rollera. Mikroskopijne nak\u0142ucia wykonywane za pomoc\u0105 sterylnej rolki skutecznie stymuluj\u0105 naturalne procesy odnowy. Kolagen aktywny biologicznie uzupe\u0142nia deficyty naszego rodzimego kolagenu przy\u015bpieszaj\u0105c naturaln\u0105 obudow\u0119. Nieinwazyjne mikronak\u0142ucia u\u0142atwiaj\u0105 penetracj\u0119 kolagenu w g\u0142\u0105b sk\u00f3ry, kolagen z kolei zwi\u0119ksza ich oddzia\u0142ywanie regeneracyjne. W pe\u0142ni bezpieczny, bezinwazyjny zabieg, daj\u0105cy widoczne i trwa\u0142e rezultaty rewitalizacyjne.<\/p>\n<p>Przebieg zabiegu:<\/p>\n<ul>\n<li>Demakija\u017c<\/li>\n<li>Roller na aktywnym kolagenie<\/li>\n<li>Masa\u017c anti-ageing okolic oczu<\/li>\n<li>Maska na okolice oczu<\/li>\n<\/ul>\n<p>Czas trwania zabiegu ok. 45 min.<\/p>\n<!-- AddThis Advanced Settings generic via filter on the_content --><!-- AddThis Share Buttons generic via filter on the_content -->","protected":false},"excerpt":{"rendered":"<p>Deszcz Majowy O\u017cywia zm\u0119czone oczy i roz\u015bwietla spojrzenie. Intensywny zabieg z kolagenem aktywnym biologicznie, witamin\u0105 C i kwasem mlekowym wyg\u0142adza zmarszczki mimiczne i rozja\u015bnia cienie wok\u00f3\u0142 oczu. Dzi\u0119ki naturalnym sk\u0142adnikom najwy\u017cszej jako\u015bci jest \u0142agodny dla sk\u00f3ry, a zarazem przynosi dog\u0142\u0119bny efekt. Kolagen AP BIOAKTIV, aplikowany podczas masa\u017cu relaksacyjnego, inicjuje intensywn\u0105 regeneracj\u0119 g\u0142\u0119bszych warstw sk\u00f3ry. Kwas&#8230; <a href=\"https:\/\/annapikura.com\/en\/clinic-anna-pikura\/cosmetology\/zabiegi-firmowe-okolice-oczu\/\" class=\"btn-excerpt more-link\" title=\"Unique procedures for the eye area\">Read more<span class=\"meta-nav\">&rarr;<\/span><\/a><!-- AddThis Advanced Settings generic via filter on get_the_excerpt --><!-- AddThis Share Buttons generic via filter on get_the_excerpt --><\/p>\n","protected":false},"author":1,"featured_media":2908,"parent":2980,"menu_order":3,"comment_status":"closed","ping_status":"closed","template":"templates\/page-onepage.php","meta":{"footnotes":""},"acf":[],"yoast_head":"<!-- This site is optimized with the Yoast SEO plugin v21.4 - https:\/\/yoast.com\/wordpress\/plugins\/seo\/ -->\n<title>Unique procedures for the eye area - Anna Pikura<\/title>\n<meta name=\"robots\" content=\"index, follow, max-snippet:-1, max-image-preview:large, max-video-preview:-1\" \/>\n<link rel=\"canonical\" href=\"https:\/\/annapikura.com\/en\/clinic-anna-pikura\/cosmetology\/zabiegi-firmowe-okolice-oczu\/\" \/>\n<meta property=\"og:locale\" content=\"en_US\" \/>\n<meta property=\"og:type\" content=\"article\" \/>\n<meta property=\"og:title\" content=\"Unique procedures for the eye area - Anna Pikura\" \/>\n<meta property=\"og:description\" content=\"Deszcz Majowy O\u017cywia zm\u0119czone oczy i roz\u015bwietla spojrzenie. Intensywny zabieg z kolagenem aktywnym biologicznie, witamin\u0105 C i kwasem mlekowym wyg\u0142adza zmarszczki mimiczne i rozja\u015bnia cienie wok\u00f3\u0142 oczu. Dzi\u0119ki naturalnym sk\u0142adnikom najwy\u017cszej jako\u015bci jest \u0142agodny dla sk\u00f3ry, a zarazem przynosi dog\u0142\u0119bny efekt. Kolagen AP BIOAKTIV, aplikowany podczas masa\u017cu relaksacyjnego, inicjuje intensywn\u0105 regeneracj\u0119 g\u0142\u0119bszych warstw sk\u00f3ry. Kwas... Read more&rarr;\" \/>\n<meta property=\"og:url\" content=\"https:\/\/annapikura.com\/en\/clinic-anna-pikura\/cosmetology\/zabiegi-firmowe-okolice-oczu\/\" \/>\n<meta property=\"og:site_name\" content=\"Anna Pikura\" \/>\n<meta property=\"article:modified_time\" content=\"2022-03-01T20:43:39+00:00\" \/>\n<meta property=\"og:image\" content=\"https:\/\/annapikura.com\/wp-content\/uploads\/zabieginaokoliceoczu.jpg\" \/>\n\t<meta property=\"og:image:width\" content=\"190\" \/>\n\t<meta property=\"og:image:height\" content=\"111\" \/>\n\t<meta property=\"og:image:type\" content=\"image\/jpeg\" \/>\n<meta name=\"twitter:card\" content=\"summary_large_image\" \/>\n<meta name=\"twitter:label1\" content=\"Est. reading time\" \/>\n\t<meta name=\"twitter:data1\" content=\"1 minute\" \/>\n<script type=\"application\/ld+json\" class=\"yoast-schema-graph\">{\"@context\":\"https:\/\/schema.org\",\"@graph\":[{\"@type\":\"WebPage\",\"@id\":\"https:\/\/annapikura.com\/en\/clinic-anna-pikura\/cosmetology\/zabiegi-firmowe-okolice-oczu\/\",\"url\":\"https:\/\/annapikura.com\/en\/clinic-anna-pikura\/cosmetology\/zabiegi-firmowe-okolice-oczu\/\",\"name\":\"Unique procedures for the eye area - Anna Pikura\",\"isPartOf\":{\"@id\":\"https:\/\/annapikura.com\/#website\"},\"datePublished\":\"2018-01-09T14:20:37+00:00\",\"dateModified\":\"2022-03-01T20:43:39+00:00\",\"breadcrumb\":{\"@id\":\"https:\/\/annapikura.com\/en\/clinic-anna-pikura\/cosmetology\/zabiegi-firmowe-okolice-oczu\/#breadcrumb\"},\"inLanguage\":\"en-US\",\"potentialAction\":[{\"@type\":\"ReadAction\",\"target\":[\"https:\/\/annapikura.com\/en\/clinic-anna-pikura\/cosmetology\/zabiegi-firmowe-okolice-oczu\/\"]}]},{\"@type\":\"BreadcrumbList\",\"@id\":\"https:\/\/annapikura.com\/en\/clinic-anna-pikura\/cosmetology\/zabiegi-firmowe-okolice-oczu\/#breadcrumb\",\"itemListElement\":[{\"@type\":\"ListItem\",\"position\":1,\"name\":\"Home\",\"item\":\"https:\/\/annapikura.com\/en\/home\/\"},{\"@type\":\"ListItem\",\"position\":2,\"name\":\"Clinic\",\"item\":\"https:\/\/annapikura.com\/en\/clinic-anna-pikura\/\"},{\"@type\":\"ListItem\",\"position\":3,\"name\":\"Cosmetology\",\"item\":\"https:\/\/annapikura.com\/en\/clinic-anna-pikura\/cosmetology\/\"},{\"@type\":\"ListItem\",\"position\":4,\"name\":\"Unique procedures for the eye area\"}]},{\"@type\":\"WebSite\",\"@id\":\"https:\/\/annapikura.com\/#website\",\"url\":\"https:\/\/annapikura.com\/\",\"name\":\"Anna Pikura\",\"description\":\"\",\"potentialAction\":[{\"@type\":\"SearchAction\",\"target\":{\"@type\":\"EntryPoint\",\"urlTemplate\":\"https:\/\/annapikura.com\/?s={search_term_string}\"},\"query-input\":\"required name=search_term_string\"}],\"inLanguage\":\"en-US\"}]}<\/script>\n<!-- \/ Yoast SEO plugin. -->","yoast_head_json":{"title":"Unique procedures for the eye area - Anna Pikura","robots":{"index":"index","follow":"follow","max-snippet":"max-snippet:-1","max-image-preview":"max-image-preview:large","max-video-preview":"max-video-preview:-1"},"canonical":"https:\/\/annapikura.com\/en\/clinic-anna-pikura\/cosmetology\/zabiegi-firmowe-okolice-oczu\/","og_locale":"en_US","og_type":"article","og_title":"Unique procedures for the eye area - Anna Pikura","og_description":"Deszcz Majowy O\u017cywia zm\u0119czone oczy i roz\u015bwietla spojrzenie. Intensywny zabieg z kolagenem aktywnym biologicznie, witamin\u0105 C i kwasem mlekowym wyg\u0142adza zmarszczki mimiczne i rozja\u015bnia cienie wok\u00f3\u0142 oczu. Dzi\u0119ki naturalnym sk\u0142adnikom najwy\u017cszej jako\u015bci jest \u0142agodny dla sk\u00f3ry, a zarazem przynosi dog\u0142\u0119bny efekt. Kolagen AP BIOAKTIV, aplikowany podczas masa\u017cu relaksacyjnego, inicjuje intensywn\u0105 regeneracj\u0119 g\u0142\u0119bszych warstw sk\u00f3ry. Kwas... Read more&rarr;","og_url":"https:\/\/annapikura.com\/en\/clinic-anna-pikura\/cosmetology\/zabiegi-firmowe-okolice-oczu\/","og_site_name":"Anna Pikura","article_modified_time":"2022-03-01T20:43:39+00:00","og_image":[{"width":190,"height":111,"url":"https:\/\/annapikura.com\/wp-content\/uploads\/zabieginaokoliceoczu.jpg","type":"image\/jpeg"}],"twitter_card":"summary_large_image","twitter_misc":{"Est. reading time":"1 minute"},"schema":{"@context":"https:\/\/schema.org","@graph":[{"@type":"WebPage","@id":"https:\/\/annapikura.com\/en\/clinic-anna-pikura\/cosmetology\/zabiegi-firmowe-okolice-oczu\/","url":"https:\/\/annapikura.com\/en\/clinic-anna-pikura\/cosmetology\/zabiegi-firmowe-okolice-oczu\/","name":"Unique procedures for the eye area - Anna Pikura","isPartOf":{"@id":"https:\/\/annapikura.com\/#website"},"datePublished":"2018-01-09T14:20:37+00:00","dateModified":"2022-03-01T20:43:39+00:00","breadcrumb":{"@id":"https:\/\/annapikura.com\/en\/clinic-anna-pikura\/cosmetology\/zabiegi-firmowe-okolice-oczu\/#breadcrumb"},"inLanguage":"en-US","potentialAction":[{"@type":"ReadAction","target":["https:\/\/annapikura.com\/en\/clinic-anna-pikura\/cosmetology\/zabiegi-firmowe-okolice-oczu\/"]}]},{"@type":"BreadcrumbList","@id":"https:\/\/annapikura.com\/en\/clinic-anna-pikura\/cosmetology\/zabiegi-firmowe-okolice-oczu\/#breadcrumb","itemListElement":[{"@type":"ListItem","position":1,"name":"Home","item":"https:\/\/annapikura.com\/en\/home\/"},{"@type":"ListItem","position":2,"name":"Clinic","item":"https:\/\/annapikura.com\/en\/clinic-anna-pikura\/"},{"@type":"ListItem","position":3,"name":"Cosmetology","item":"https:\/\/annapikura.com\/en\/clinic-anna-pikura\/cosmetology\/"},{"@type":"ListItem","position":4,"name":"Unique procedures for the eye area"}]},{"@type":"WebSite","@id":"https:\/\/annapikura.com\/#website","url":"https:\/\/annapikura.com\/","name":"Anna Pikura","description":"","potentialAction":[{"@type":"SearchAction","target":{"@type":"EntryPoint","urlTemplate":"https:\/\/annapikura.com\/?s={search_term_string}"},"query-input":"required name=search_term_string"}],"inLanguage":"en-US"}]}},"_links":{"self":[{"href":"https:\/\/annapikura.com\/en\/wp-json\/wp\/v2\/pages\/3144"}],"collection":[{"href":"https:\/\/annapikura.com\/en\/wp-json\/wp\/v2\/pages"}],"about":[{"href":"https:\/\/annapikura.com\/en\/wp-json\/wp\/v2\/types\/page"}],"author":[{"embeddable":true,"href":"https:\/\/annapikura.com\/en\/wp-json\/wp\/v2\/users\/1"}],"replies":[{"embeddable":true,"href":"https:\/\/annapikura.com\/en\/wp-json\/wp\/v2\/comments?post=3144"}],"version-history":[{"count":1,"href":"https:\/\/annapikura.com\/en\/wp-json\/wp\/v2\/pages\/3144\/revisions"}],"predecessor-version":[{"id":7257,"href":"https:\/\/annapikura.com\/en\/wp-json\/wp\/v2\/pages\/3144\/revisions\/7257"}],"up":[{"embeddable":true,"href":"https:\/\/annapikura.com\/en\/wp-json\/wp\/v2\/pages\/2980"}],"wp:featuredmedia":[{"embeddable":true,"href":"https:\/\/annapikura.com\/en\/wp-json\/wp\/v2\/media\/2908"}],"wp:attachment":[{"href":"https:\/\/annapikura.com\/en\/wp-json\/wp\/v2\/media?parent=3144"}],"curies":[{"name":"wp","href":"https:\/\/api.w.org\/{rel}","templated":true}]}}