{"id":3216,"date":"2017-12-29T09:34:09","date_gmt":"2017-12-29T08:34:09","guid":{"rendered":"http:\/\/annapikura.pro-page.pl\/showrooms-anna-pikura\/przedstawiciele-farmaceutyczni\/"},"modified":"2018-03-22T14:56:30","modified_gmt":"2018-03-22T13:56:30","slug":"sales-representatives","status":"publish","type":"page","link":"https:\/\/annapikura.com\/en\/showrooms-anna-pikura\/sales-representatives\/","title":{"rendered":"Sales representatives"},"content":{"rendered":"<div class=\"row\">\n<div class=\"col-sm-16\">\n<p class=\"western\"><strong>Interested in cooperation with our company?<\/strong> Please contact our regional representatives in Poland:<\/p>\n<p class=\"western\">Tel. +48 501 087 886<\/p>\n<p class=\"western\">Province: <strong>Ma\u0142opolskie, Podkarpackie, \u015al\u0105skie<\/strong><\/p>\n<p class=\"western\">Tel. +48 501 856 036<\/p>\n<p class=\"western\">Province: <strong>Pomorskie, Zachodniopomorskie, Kujawsko- Pomorskie<\/strong><\/p>\n<p class=\"western\">Tel. +48 510 214 445<\/p>\n<p class=\"western\">Province: <strong>Wielkopolskie, Dolno\u015bl\u0105skie, Opolskie<\/strong><\/p>\n<p class=\"western\">Can&#8217;t find your region?<strong> Please call us: +48 509 040 467<\/strong><\/p>\n<\/div>\n<\/div>\n<!-- AddThis Advanced Settings generic via filter on the_content --><!-- AddThis Share Buttons generic via filter on the_content -->","protected":false},"excerpt":{"rendered":"<p>Interested in cooperation with our company? Please contact our regional representatives in Poland: Tel. +48 501 087 886 Province: Ma\u0142opolskie, Podkarpackie, \u015al\u0105skie Tel. +48 501 856 036 Province: Pomorskie, Zachodniopomorskie, Kujawsko- Pomorskie Tel. +48 510 214 445 Province: Wielkopolskie, Dolno\u015bl\u0105skie, Opolskie Can&#8217;t find your region? Please call us: +48 509 040 467<!-- AddThis Advanced Settings generic via filter on get_the_excerpt --><!-- AddThis Share Buttons generic via filter on get_the_excerpt --><\/p>\n","protected":false},"author":2,"featured_media":0,"parent":2445,"menu_order":0,"comment_status":"closed","ping_status":"closed","template":"","meta":{"footnotes":""},"acf":[],"yoast_head":"<!-- This site is optimized with the Yoast SEO plugin v21.4 - https:\/\/yoast.com\/wordpress\/plugins\/seo\/ -->\n<title>Sales representatives - Anna Pikura<\/title>\n<meta name=\"robots\" content=\"index, follow, max-snippet:-1, max-image-preview:large, max-video-preview:-1\" \/>\n<link rel=\"canonical\" href=\"https:\/\/annapikura.com\/en\/showrooms-anna-pikura\/sales-representatives\/\" \/>\n<meta property=\"og:locale\" content=\"en_US\" \/>\n<meta property=\"og:type\" content=\"article\" \/>\n<meta property=\"og:title\" content=\"Sales representatives - Anna Pikura\" \/>\n<meta property=\"og:description\" content=\"Interested in cooperation with our company? Please contact our regional representatives in Poland: Tel. +48 501 087 886 Province: Ma\u0142opolskie, Podkarpackie, \u015al\u0105skie Tel. +48 501 856 036 Province: Pomorskie, Zachodniopomorskie, Kujawsko- Pomorskie Tel. +48 510 214 445 Province: Wielkopolskie, Dolno\u015bl\u0105skie, Opolskie Can&#8217;t find your region? Please call us: +48 509 040 467\" \/>\n<meta property=\"og:url\" content=\"https:\/\/annapikura.com\/en\/showrooms-anna-pikura\/sales-representatives\/\" \/>\n<meta property=\"og:site_name\" content=\"Anna Pikura\" \/>\n<meta property=\"article:modified_time\" content=\"2018-03-22T13:56:30+00:00\" \/>\n<meta name=\"twitter:card\" content=\"summary_large_image\" \/>\n<script type=\"application\/ld+json\" class=\"yoast-schema-graph\">{\"@context\":\"https:\/\/schema.org\",\"@graph\":[{\"@type\":\"WebPage\",\"@id\":\"https:\/\/annapikura.com\/en\/showrooms-anna-pikura\/sales-representatives\/\",\"url\":\"https:\/\/annapikura.com\/en\/showrooms-anna-pikura\/sales-representatives\/\",\"name\":\"Sales representatives - Anna Pikura\",\"isPartOf\":{\"@id\":\"https:\/\/annapikura.com\/#website\"},\"datePublished\":\"2017-12-29T08:34:09+00:00\",\"dateModified\":\"2018-03-22T13:56:30+00:00\",\"breadcrumb\":{\"@id\":\"https:\/\/annapikura.com\/en\/showrooms-anna-pikura\/sales-representatives\/#breadcrumb\"},\"inLanguage\":\"en-US\",\"potentialAction\":[{\"@type\":\"ReadAction\",\"target\":[\"https:\/\/annapikura.com\/en\/showrooms-anna-pikura\/sales-representatives\/\"]}]},{\"@type\":\"BreadcrumbList\",\"@id\":\"https:\/\/annapikura.com\/en\/showrooms-anna-pikura\/sales-representatives\/#breadcrumb\",\"itemListElement\":[{\"@type\":\"ListItem\",\"position\":1,\"name\":\"Home\",\"item\":\"https:\/\/annapikura.com\/en\/home\/\"},{\"@type\":\"ListItem\",\"position\":2,\"name\":\"Showrooms\",\"item\":\"https:\/\/annapikura.com\/en\/showrooms-anna-pikura\/\"},{\"@type\":\"ListItem\",\"position\":3,\"name\":\"Sales representatives\"}]},{\"@type\":\"WebSite\",\"@id\":\"https:\/\/annapikura.com\/#website\",\"url\":\"https:\/\/annapikura.com\/\",\"name\":\"Anna Pikura\",\"description\":\"\",\"potentialAction\":[{\"@type\":\"SearchAction\",\"target\":{\"@type\":\"EntryPoint\",\"urlTemplate\":\"https:\/\/annapikura.com\/?s={search_term_string}\"},\"query-input\":\"required name=search_term_string\"}],\"inLanguage\":\"en-US\"}]}<\/script>\n<!-- \/ Yoast SEO plugin. -->","yoast_head_json":{"title":"Sales representatives - Anna Pikura","robots":{"index":"index","follow":"follow","max-snippet":"max-snippet:-1","max-image-preview":"max-image-preview:large","max-video-preview":"max-video-preview:-1"},"canonical":"https:\/\/annapikura.com\/en\/showrooms-anna-pikura\/sales-representatives\/","og_locale":"en_US","og_type":"article","og_title":"Sales representatives - Anna Pikura","og_description":"Interested in cooperation with our company? Please contact our regional representatives in Poland: Tel. +48 501 087 886 Province: Ma\u0142opolskie, Podkarpackie, \u015al\u0105skie Tel. +48 501 856 036 Province: Pomorskie, Zachodniopomorskie, Kujawsko- Pomorskie Tel. +48 510 214 445 Province: Wielkopolskie, Dolno\u015bl\u0105skie, Opolskie Can&#8217;t find your region? Please call us: +48 509 040 467","og_url":"https:\/\/annapikura.com\/en\/showrooms-anna-pikura\/sales-representatives\/","og_site_name":"Anna Pikura","article_modified_time":"2018-03-22T13:56:30+00:00","twitter_card":"summary_large_image","schema":{"@context":"https:\/\/schema.org","@graph":[{"@type":"WebPage","@id":"https:\/\/annapikura.com\/en\/showrooms-anna-pikura\/sales-representatives\/","url":"https:\/\/annapikura.com\/en\/showrooms-anna-pikura\/sales-representatives\/","name":"Sales representatives - Anna Pikura","isPartOf":{"@id":"https:\/\/annapikura.com\/#website"},"datePublished":"2017-12-29T08:34:09+00:00","dateModified":"2018-03-22T13:56:30+00:00","breadcrumb":{"@id":"https:\/\/annapikura.com\/en\/showrooms-anna-pikura\/sales-representatives\/#breadcrumb"},"inLanguage":"en-US","potentialAction":[{"@type":"ReadAction","target":["https:\/\/annapikura.com\/en\/showrooms-anna-pikura\/sales-representatives\/"]}]},{"@type":"BreadcrumbList","@id":"https:\/\/annapikura.com\/en\/showrooms-anna-pikura\/sales-representatives\/#breadcrumb","itemListElement":[{"@type":"ListItem","position":1,"name":"Home","item":"https:\/\/annapikura.com\/en\/home\/"},{"@type":"ListItem","position":2,"name":"Showrooms","item":"https:\/\/annapikura.com\/en\/showrooms-anna-pikura\/"},{"@type":"ListItem","position":3,"name":"Sales representatives"}]},{"@type":"WebSite","@id":"https:\/\/annapikura.com\/#website","url":"https:\/\/annapikura.com\/","name":"Anna Pikura","description":"","potentialAction":[{"@type":"SearchAction","target":{"@type":"EntryPoint","urlTemplate":"https:\/\/annapikura.com\/?s={search_term_string}"},"query-input":"required name=search_term_string"}],"inLanguage":"en-US"}]}},"_links":{"self":[{"href":"https:\/\/annapikura.com\/en\/wp-json\/wp\/v2\/pages\/3216"}],"collection":[{"href":"https:\/\/annapikura.com\/en\/wp-json\/wp\/v2\/pages"}],"about":[{"href":"https:\/\/annapikura.com\/en\/wp-json\/wp\/v2\/types\/page"}],"author":[{"embeddable":true,"href":"https:\/\/annapikura.com\/en\/wp-json\/wp\/v2\/users\/2"}],"replies":[{"embeddable":true,"href":"https:\/\/annapikura.com\/en\/wp-json\/wp\/v2\/comments?post=3216"}],"version-history":[{"count":0,"href":"https:\/\/annapikura.com\/en\/wp-json\/wp\/v2\/pages\/3216\/revisions"}],"up":[{"embeddable":true,"href":"https:\/\/annapikura.com\/en\/wp-json\/wp\/v2\/pages\/2445"}],"wp:attachment":[{"href":"https:\/\/annapikura.com\/en\/wp-json\/wp\/v2\/media?parent=3216"}],"curies":[{"name":"wp","href":"https:\/\/api.w.org\/{rel}","templated":true}]}}