{"id":2541,"date":"2018-01-08T11:21:10","date_gmt":"2018-01-08T10:21:10","guid":{"rendered":"http:\/\/annapikura.pro-page.pl\/produkt\/serenology\/"},"modified":"2023-08-17T19:52:21","modified_gmt":"2023-08-17T17:52:21","slug":"serenology","status":"publish","type":"product","link":"https:\/\/annapikura.com\/en\/produkt\/serenology\/","title":{"rendered":"Serenology"},"content":{"rendered":"<p>While your eyes may have depth in them, your wrinkles and dark circles shouldn\u2019t! This luxury anti-wrinkle eye contour cream acts as an effective rejuvenating procedure. The skin around the eyes recovers its smoothness and acquires a younger, radiant look.<br \/>\nThanks to a unique combination of exceptionally efficient botanic active ingredients, Serenology is a genuine youth elixir for mature skin. If fights visible signs of ageing, wrinkles, flabbiness, lack of firmness, dryness, puffiness and dark circles, irritations, as well as proneness to inflammatory states.<\/p>\n<p><strong>Active substances:<\/strong><br \/>\nOrganic Musk Rose Seed Oil, Cornflower Flower Water, Evening Primrose Seed Oil, Coenzyme Q10, Natural Plant Ceramides.<\/p>\n<p><strong>What can you expect:<\/strong><\/p>\n<ul>\n<li>Smoothing deep wrinkles, reducing fine lines,<\/li>\n<li>Skin\u2019s firmness, elasticity and tonicity improved,<\/li>\n<li>Rejuvenating the skin by substantially increasing the amount of properly built collagen fibres in the dermis,<\/li>\n<li>Proper hydration restored,<\/li>\n<li>Lightening dark circles and improving skin tone,<\/li>\n<li>Powerful antioxidant effect, delaying the process of ageing,<\/li>\n<li>Supporting skin renewal processes,<\/li>\n<li>Skin\u2019s protective function restored,<\/li>\n<li>Normalizint disturbed functions of the skin,<\/li>\n<li>Perfect nourishment,<\/li>\n<li>Soothing irritated skin, anti-allergy and anti-inflammatory effect.<\/li>\n<\/ul>\n<p><strong>Application:<\/strong><br \/>\nApply every morning and evening on thoroughly cleansed skin around the eyes. Gently pat  into the skin.<br \/>\nThe effectiveness of the preparation is significantly increased if applied after the application of biologically active collagen AP\u00ae BIOAKTIV.<\/p>\n<!-- AddThis Advanced Settings generic via filter on the_content --><!-- AddThis Share Buttons generic via filter on the_content -->","protected":false},"excerpt":{"rendered":"<p>Eye Contour Anti-Wrinkle Care.<!-- AddThis Advanced Settings generic via filter on get_the_excerpt --><!-- AddThis Share Buttons generic via filter on get_the_excerpt --><\/p>\n","protected":false},"featured_media":2646,"comment_status":"open","ping_status":"closed","template":"","meta":[],"product_cat":[74],"product_tag":[],"acf":[],"yoast_head":"<!-- This site is optimized with the Yoast SEO plugin v21.4 - https:\/\/yoast.com\/wordpress\/plugins\/seo\/ -->\n<title>Serenology - Anna Pikura<\/title>\n<meta name=\"robots\" content=\"index, follow, max-snippet:-1, max-image-preview:large, max-video-preview:-1\" \/>\n<link rel=\"canonical\" href=\"https:\/\/annapikura.com\/produkt\/serenology\/\" \/>\n<meta property=\"og:locale\" content=\"en_US\" \/>\n<meta property=\"og:type\" content=\"article\" \/>\n<meta property=\"og:title\" content=\"Serenology - Anna Pikura\" \/>\n<meta property=\"og:description\" content=\"Eye Contour Anti-Wrinkle Care.\" \/>\n<meta property=\"og:url\" content=\"https:\/\/annapikura.com\/produkt\/serenology\/\" \/>\n<meta property=\"og:site_name\" content=\"Anna Pikura\" \/>\n<meta property=\"article:modified_time\" content=\"2023-08-17T17:52:21+00:00\" \/>\n<meta property=\"og:image\" content=\"https:\/\/annapikura.com\/wp-content\/uploads\/Serenology.png\" \/>\n\t<meta property=\"og:image:width\" content=\"900\" \/>\n\t<meta property=\"og:image:height\" content=\"900\" \/>\n\t<meta property=\"og:image:type\" content=\"image\/png\" \/>\n<meta name=\"twitter:card\" content=\"summary_large_image\" \/>\n<meta name=\"twitter:label1\" content=\"Est. reading time\" \/>\n\t<meta name=\"twitter:data1\" content=\"1 minute\" \/>\n<script type=\"application\/ld+json\" class=\"yoast-schema-graph\">{\"@context\":\"https:\/\/schema.org\",\"@graph\":[{\"@type\":\"WebPage\",\"@id\":\"https:\/\/annapikura.com\/produkt\/serenology\/\",\"url\":\"https:\/\/annapikura.com\/produkt\/serenology\/\",\"name\":\"Serenology - Anna Pikura\",\"isPartOf\":{\"@id\":\"https:\/\/annapikura.com\/#website\"},\"datePublished\":\"2018-01-08T10:21:10+00:00\",\"dateModified\":\"2023-08-17T17:52:21+00:00\",\"breadcrumb\":{\"@id\":\"https:\/\/annapikura.com\/produkt\/serenology\/#breadcrumb\"},\"inLanguage\":\"en-US\",\"potentialAction\":[{\"@type\":\"ReadAction\",\"target\":[\"https:\/\/annapikura.com\/produkt\/serenology\/\"]}]},{\"@type\":\"BreadcrumbList\",\"@id\":\"https:\/\/annapikura.com\/produkt\/serenology\/#breadcrumb\",\"itemListElement\":[{\"@type\":\"ListItem\",\"position\":1,\"name\":\"Home\",\"item\":\"https:\/\/annapikura.com\/en\/home\/\"},{\"@type\":\"ListItem\",\"position\":2,\"name\":\"Shop\",\"item\":\"https:\/\/annapikura.com\/en\/shop\/\"},{\"@type\":\"ListItem\",\"position\":3,\"name\":\"Piel\u0119gnacja d\u0142oni, st\u00f3p i paznokci\",\"item\":\"https:\/\/annapikura.com\/kategoria-produktu\/pielegnacja-dloni-stop-i-paznokci\/\"},{\"@type\":\"ListItem\",\"position\":4,\"name\":\"Serenology\"}]},{\"@type\":\"WebSite\",\"@id\":\"https:\/\/annapikura.com\/#website\",\"url\":\"https:\/\/annapikura.com\/\",\"name\":\"Anna Pikura\",\"description\":\"\",\"potentialAction\":[{\"@type\":\"SearchAction\",\"target\":{\"@type\":\"EntryPoint\",\"urlTemplate\":\"https:\/\/annapikura.com\/?s={search_term_string}\"},\"query-input\":\"required name=search_term_string\"}],\"inLanguage\":\"en-US\"}]}<\/script>\n<!-- \/ Yoast SEO plugin. -->","yoast_head_json":{"title":"Serenology - Anna Pikura","robots":{"index":"index","follow":"follow","max-snippet":"max-snippet:-1","max-image-preview":"max-image-preview:large","max-video-preview":"max-video-preview:-1"},"canonical":"https:\/\/annapikura.com\/produkt\/serenology\/","og_locale":"en_US","og_type":"article","og_title":"Serenology - Anna Pikura","og_description":"Eye Contour Anti-Wrinkle Care.","og_url":"https:\/\/annapikura.com\/produkt\/serenology\/","og_site_name":"Anna Pikura","article_modified_time":"2023-08-17T17:52:21+00:00","og_image":[{"width":900,"height":900,"url":"https:\/\/annapikura.com\/wp-content\/uploads\/Serenology.png","type":"image\/png"}],"twitter_card":"summary_large_image","twitter_misc":{"Est. reading time":"1 minute"},"schema":{"@context":"https:\/\/schema.org","@graph":[{"@type":"WebPage","@id":"https:\/\/annapikura.com\/produkt\/serenology\/","url":"https:\/\/annapikura.com\/produkt\/serenology\/","name":"Serenology - Anna Pikura","isPartOf":{"@id":"https:\/\/annapikura.com\/#website"},"datePublished":"2018-01-08T10:21:10+00:00","dateModified":"2023-08-17T17:52:21+00:00","breadcrumb":{"@id":"https:\/\/annapikura.com\/produkt\/serenology\/#breadcrumb"},"inLanguage":"en-US","potentialAction":[{"@type":"ReadAction","target":["https:\/\/annapikura.com\/produkt\/serenology\/"]}]},{"@type":"BreadcrumbList","@id":"https:\/\/annapikura.com\/produkt\/serenology\/#breadcrumb","itemListElement":[{"@type":"ListItem","position":1,"name":"Home","item":"https:\/\/annapikura.com\/en\/home\/"},{"@type":"ListItem","position":2,"name":"Shop","item":"https:\/\/annapikura.com\/en\/shop\/"},{"@type":"ListItem","position":3,"name":"Piel\u0119gnacja d\u0142oni, st\u00f3p i paznokci","item":"https:\/\/annapikura.com\/kategoria-produktu\/pielegnacja-dloni-stop-i-paznokci\/"},{"@type":"ListItem","position":4,"name":"Serenology"}]},{"@type":"WebSite","@id":"https:\/\/annapikura.com\/#website","url":"https:\/\/annapikura.com\/","name":"Anna Pikura","description":"","potentialAction":[{"@type":"SearchAction","target":{"@type":"EntryPoint","urlTemplate":"https:\/\/annapikura.com\/?s={search_term_string}"},"query-input":"required name=search_term_string"}],"inLanguage":"en-US"}]}},"_links":{"self":[{"href":"https:\/\/annapikura.com\/en\/wp-json\/wp\/v2\/product\/2541"}],"collection":[{"href":"https:\/\/annapikura.com\/en\/wp-json\/wp\/v2\/product"}],"about":[{"href":"https:\/\/annapikura.com\/en\/wp-json\/wp\/v2\/types\/product"}],"replies":[{"embeddable":true,"href":"https:\/\/annapikura.com\/en\/wp-json\/wp\/v2\/comments?post=2541"}],"wp:featuredmedia":[{"embeddable":true,"href":"https:\/\/annapikura.com\/en\/wp-json\/wp\/v2\/media\/2646"}],"wp:attachment":[{"href":"https:\/\/annapikura.com\/en\/wp-json\/wp\/v2\/media?parent=2541"}],"wp:term":[{"taxonomy":"product_cat","embeddable":true,"href":"https:\/\/annapikura.com\/en\/wp-json\/wp\/v2\/product_cat?post=2541"},{"taxonomy":"product_tag","embeddable":true,"href":"https:\/\/annapikura.com\/en\/wp-json\/wp\/v2\/product_tag?post=2541"}],"curies":[{"name":"wp","href":"https:\/\/api.w.org\/{rel}","templated":true}]}}